{"id":107,"date":"2016-10-04T15:24:11","date_gmt":"2016-10-04T13:24:11","guid":{"rendered":"http:\/\/sormo.net\/espen\/?page_id=107"},"modified":"2016-10-04T15:24:11","modified_gmt":"2016-10-04T13:24:11","slug":"om-siden","status":"publish","type":"page","link":"http:\/\/sormo.net\/espen\/index.php\/om-siden\/","title":{"rendered":"Om siden"},"content":{"rendered":"<h3>En blogg om det dramatiske livet til familien S\u00f8rmo Str\u00f8mme<\/h3>\n<figure id=\"attachment_6\" aria-describedby=\"caption-attachment-6\" style=\"width: 840px\" class=\"wp-caption alignnone\"><img decoding=\"async\" loading=\"lazy\" src=\"http:\/\/sormo.net\/espen\/wp-content\/uploads\/2016\/10\/V__17EF1-1024x768.jpg\" alt=\"Kj\u00f8ret\u00f8y i sikte! Fra Estenstadmarka, sommeren 2015\" width=\"840\" height=\"630\" class=\"size-large wp-image-6\" srcset=\"http:\/\/sormo.net\/espen\/wp-content\/uploads\/2016\/10\/V__17EF1.jpg 1024w, http:\/\/sormo.net\/espen\/wp-content\/uploads\/2016\/10\/V__17EF1-300x225.jpg 300w, http:\/\/sormo.net\/espen\/wp-content\/uploads\/2016\/10\/V__17EF1-768x576.jpg 768w\" sizes=\"(max-width: 840px) 100vw, 840px\" \/><figcaption id=\"caption-attachment-6\" class=\"wp-caption-text\">Kj\u00f8ret\u00f8y i sikte! Fra Estenstadmarka, sommeren 2015<\/figcaption><\/figure>\n<p>Bloggen forteller hverdagshistorier fra livene v\u00e5re. De fleste sakene er skrevet av Pappa Espen, og i tillegg til \u00e5 fortelle om oss selv, s\u00e5 bruker jeg ogs\u00e5 siden til \u00e5 teste ut ulike verkt\u00f8y for digital historiefortelling. <\/p>\n<p>Sidene er laget i WordPress p\u00e5 en server som st\u00e5r i kjelleren hos Farfar Skule i Trondheim. Tema heter &laquo;Fabilous Fluid&raquo; og er installert manuelt med WinSCP. <\/p>\n<p>Historiene er laget ved hjelp at Social Shorthand (Borteli), TimelineJS (\u00c5ret med familien S\u00f8rmo Str\u00f8mme), MetaSlider plugin (lysbildeserier), InDesign(Stavern 2016), ThingLink (Legoland)<\/p>\n","protected":false},"excerpt":{"rendered":"<p>En blogg om det dramatiske livet til familien S\u00f8rmo Str\u00f8mme Bloggen forteller hverdagshistorier fra livene v\u00e5re. De fleste sakene er skrevet av Pappa Espen, og i tillegg til \u00e5 fortelle <span class=\"readmore\"><a href=\"http:\/\/sormo.net\/espen\/index.php\/om-siden\/\">Read More &#8230;<\/a><\/span><\/p>\n","protected":false},"author":1,"featured_media":6,"parent":0,"menu_order":0,"comment_status":"closed","ping_status":"closed","template":"","meta":[],"_links":{"self":[{"href":"http:\/\/sormo.net\/espen\/index.php\/wp-json\/wp\/v2\/pages\/107"}],"collection":[{"href":"http:\/\/sormo.net\/espen\/index.php\/wp-json\/wp\/v2\/pages"}],"about":[{"href":"http:\/\/sormo.net\/espen\/index.php\/wp-json\/wp\/v2\/types\/page"}],"author":[{"embeddable":true,"href":"http:\/\/sormo.net\/espen\/index.php\/wp-json\/wp\/v2\/users\/1"}],"replies":[{"embeddable":true,"href":"http:\/\/sormo.net\/espen\/index.php\/wp-json\/wp\/v2\/comments?post=107"}],"version-history":[{"count":5,"href":"http:\/\/sormo.net\/espen\/index.php\/wp-json\/wp\/v2\/pages\/107\/revisions"}],"predecessor-version":[{"id":112,"href":"http:\/\/sormo.net\/espen\/index.php\/wp-json\/wp\/v2\/pages\/107\/revisions\/112"}],"wp:featuredmedia":[{"embeddable":true,"href":"http:\/\/sormo.net\/espen\/index.php\/wp-json\/wp\/v2\/media\/6"}],"wp:attachment":[{"href":"http:\/\/sormo.net\/espen\/index.php\/wp-json\/wp\/v2\/media?parent=107"}],"curies":[{"name":"wp","href":"https:\/\/api.w.org\/{rel}","templated":true}]}}